{"id":2115,"date":"2023-12-21T09:23:56","date_gmt":"2023-12-21T09:23:56","guid":{"rendered":"https:\/\/grat-disputes.de\/?page_id=2115"},"modified":"2023-12-22T08:17:26","modified_gmt":"2023-12-22T08:17:26","slug":"insights","status":"publish","type":"page","link":"https:\/\/grat-disputes.de\/en\/insights\/","title":{"rendered":"Insights"},"content":{"rendered":"<div data-elementor-type=\"wp-page\" data-elementor-id=\"2115\" class=\"elementor elementor-2115\" data-elementor-post-type=\"page\">\n\t\t\t\t<div class=\"elementor-element elementor-element-948a536 e-con-full e-flex e-con e-parent\" data-id=\"948a536\" data-element_type=\"container\" data-e-type=\"container\" id=\"content\">\n\t\t<div class=\"elementor-element elementor-element-0ce96d2 e-con-full e-flex e-con e-child\" data-id=\"0ce96d2\" data-element_type=\"container\" data-e-type=\"container\">\n\t\t\t\t<div class=\"elementor-element elementor-element-904edcb elementor-widget elementor-widget-heading\" data-id=\"904edcb\" data-element_type=\"widget\" data-e-type=\"widget\" id=\"h1-gross\" data-widget_type=\"heading.default\">\n\t\t\t\t<div class=\"elementor-widget-container\">\n\t\t\t\t\t<h1 class=\"elementor-heading-title elementor-size-default\">Insights. <\/h1>\t\t\t\t<\/div>\n\t\t\t\t<\/div>\n\t\t\t\t<div class=\"elementor-element elementor-element-2815df5 elementor-widget elementor-widget-heading\" data-id=\"2815df5\" data-element_type=\"widget\" data-e-type=\"widget\" id=\"h1-gross\" data-widget_type=\"heading.default\">\n\t\t\t\t<div class=\"elementor-widget-container\">\n\t\t\t\t\t<h1 class=\"elementor-heading-title elementor-size-default\">Updates. <\/h1>\t\t\t\t<\/div>\n\t\t\t\t<\/div>\n\t\t\t\t<div class=\"elementor-element elementor-element-c50ad8c elementor-widget elementor-widget-heading\" data-id=\"c50ad8c\" data-element_type=\"widget\" data-e-type=\"widget\" id=\"h1-gross\" data-widget_type=\"heading.default\">\n\t\t\t\t<div class=\"elementor-widget-container\">\n\t\t\t\t\t<h1 class=\"elementor-heading-title elementor-size-default\">News. <\/h1>\t\t\t\t<\/div>\n\t\t\t\t<\/div>\n\t\t\t\t<\/div>\n\t\t<div class=\"elementor-element elementor-element-7d62d7c e-con-full e-flex e-con e-child\" data-id=\"7d62d7c\" data-element_type=\"container\" data-e-type=\"container\">\n\t\t\t\t<\/div>\n\t\t<div class=\"elementor-element elementor-element-c770076 e-con-full e-flex e-con e-child\" data-id=\"c770076\" data-element_type=\"container\" data-e-type=\"container\">\n\t\t\t\t<div class=\"elementor-element elementor-element-65444d8 elementor-widget elementor-widget-text-editor\" data-id=\"65444d8\" data-element_type=\"widget\" data-e-type=\"widget\" id=\"p-gross\" data-widget_type=\"text-editor.default\">\n\t\t\t\t<div class=\"elementor-widget-container\">\n\t\t\t\t\t\t\t\t\t<p>We aim to be leaders in our field. That's why we constantly keep up-to-date with legal developments.<\/p>\t\t\t\t\t\t\t\t<\/div>\n\t\t\t\t<\/div>\n\t\t\t\t<div class=\"elementor-element elementor-element-e7b0e4f elementor-widget elementor-widget-text-editor\" data-id=\"e7b0e4f\" data-element_type=\"widget\" data-e-type=\"widget\" id=\"p-gross\" data-widget_type=\"text-editor.default\">\n\t\t\t\t<div class=\"elementor-widget-container\">\n\t\t\t\t\t\t\t\t\t<p>You can find our updates and publications here:<\/p>\t\t\t\t\t\t\t\t<\/div>\n\t\t\t\t<\/div>\n\t\t\t\t<div class=\"elementor-element elementor-element-f6667d3 elementor-icon-list--layout-traditional elementor-list-item-link-full_width elementor-widget elementor-widget-icon-list\" data-id=\"f6667d3\" data-element_type=\"widget\" data-e-type=\"widget\" data-widget_type=\"icon-list.default\">\n\t\t\t\t<div class=\"elementor-widget-container\">\n\t\t\t\t\t\t\t<ul class=\"elementor-icon-list-items\">\n\t\t\t\t\t\t\t<li class=\"elementor-icon-list-item\">\n\t\t\t\t\t\t\t\t\t\t\t<a href=\"https:\/\/www.linkedin.com\/company\/grat-disputes\/\">\n\n\t\t\t\t\t\t\t\t\t\t\t\t<span class=\"elementor-icon-list-icon\">\n\t\t\t\t\t\t\t<svg aria-hidden=\"true\" class=\"e-font-icon-svg e-fab-linkedin\" viewbox=\"0 0 448 512\" xmlns=\"http:\/\/www.w3.org\/2000\/svg\"><path d=\"M416 32H31.9C14.3 32 0 46.5 0 64.3v383.4C0 465.5 14.3 480 31.9 480H416c17.6 0 32-14.5 32-32.3V64.3c0-17.8-14.4-32.3-32-32.3zM135.4 416H69V202.2h66.5V416zm-33.2-243c-21.3 0-38.5-17.3-38.5-38.5S80.9 96 102.2 96c21.2 0 38.5 17.3 38.5 38.5 0 21.3-17.2 38.5-38.5 38.5zm282.1 243h-66.4V312c0-24.8-.5-56.7-34.5-56.7-34.6 0-39.9 27-39.9 54.9V416h-66.4V202.2h63.7v29.2h.9c8.9-16.8 30.6-34.5 62.9-34.5 67.2 0 79.7 44.3 79.7 101.9V416z\"><\/path><\/svg>\t\t\t\t\t\t<\/span>\n\t\t\t\t\t\t\t\t\t\t<span class=\"elementor-icon-list-text\"><b>GRAT<\/b>DISPUTES<\/span>\n\t\t\t\t\t\t\t\t\t\t\t<\/a>\n\t\t\t\t\t\t\t\t\t<\/li>\n\t\t\t\t\t\t<\/ul>\n\t\t\t\t\t\t<\/div>\n\t\t\t\t<\/div>\n\t\t\t\t<\/div>\n\t\t\t\t<\/div>\n\t\t\t\t<\/div>","protected":false},"excerpt":{"rendered":"<p>Substantielles. Generelles. Aktuelles. Wir haben den Anspruch, in unseren Beratungsfeldern f\u00fchrend zu sein. Deshalb besch\u00e4ftigen wir uns laufend mit den praxisrelevanten Entwicklungen. Unsere Updates, Ver\u00f6ffentlichungen und Beitr\u00e4ge finden Sie hier: GRATDISPUTES<\/p>","protected":false},"author":4,"featured_media":0,"parent":0,"menu_order":0,"comment_status":"closed","ping_status":"closed","template":"","meta":{"footnotes":""},"class_list":["post-2115","page","type-page","status-publish","hentry"],"_links":{"self":[{"href":"https:\/\/grat-disputes.de\/en\/wp-json\/wp\/v2\/pages\/2115","targetHints":{"allow":["GET"]}}],"collection":[{"href":"https:\/\/grat-disputes.de\/en\/wp-json\/wp\/v2\/pages"}],"about":[{"href":"https:\/\/grat-disputes.de\/en\/wp-json\/wp\/v2\/types\/page"}],"author":[{"embeddable":true,"href":"https:\/\/grat-disputes.de\/en\/wp-json\/wp\/v2\/users\/4"}],"replies":[{"embeddable":true,"href":"https:\/\/grat-disputes.de\/en\/wp-json\/wp\/v2\/comments?post=2115"}],"version-history":[{"count":38,"href":"https:\/\/grat-disputes.de\/en\/wp-json\/wp\/v2\/pages\/2115\/revisions"}],"predecessor-version":[{"id":2925,"href":"https:\/\/grat-disputes.de\/en\/wp-json\/wp\/v2\/pages\/2115\/revisions\/2925"}],"wp:attachment":[{"href":"https:\/\/grat-disputes.de\/en\/wp-json\/wp\/v2\/media?parent=2115"}],"curies":[{"name":"wp","href":"https:\/\/api.w.org\/{rel}","templated":true}]}}