{"id":337,"date":"2023-12-12T14:49:07","date_gmt":"2023-12-12T14:49:07","guid":{"rendered":"https:\/\/grat-disputes.de\/?page_id=337"},"modified":"2025-07-19T20:37:10","modified_gmt":"2025-07-19T20:37:10","slug":"impressum","status":"publish","type":"page","link":"https:\/\/grat-disputes.de\/en\/impressum\/","title":{"rendered":"Imprint"},"content":{"rendered":"<div data-elementor-type=\"wp-page\" data-elementor-id=\"337\" class=\"elementor elementor-337\" data-elementor-post-type=\"page\">\n\t\t\t\t<div class=\"elementor-element elementor-element-79d2b8a e-con-full e-flex elementor-invisible e-con e-parent\" data-id=\"79d2b8a\" data-element_type=\"container\" data-e-type=\"container\" data-settings=\"{&quot;animation&quot;:&quot;fadeInUp&quot;}\">\n\t\t<div class=\"elementor-element elementor-element-8d29fb4 e-con-full e-flex e-con e-child\" data-id=\"8d29fb4\" data-element_type=\"container\" data-e-type=\"container\">\n\t\t\t\t<div class=\"elementor-element elementor-element-18c787d elementor-widget elementor-widget-heading\" data-id=\"18c787d\" data-element_type=\"widget\" data-e-type=\"widget\" data-widget_type=\"heading.default\">\n\t\t\t\t<div class=\"elementor-widget-container\">\n\t\t\t\t\t<h1 class=\"elementor-heading-title elementor-size-default\">Imprint<\/h1>\t\t\t\t<\/div>\n\t\t\t\t<\/div>\n\t\t\t\t<\/div>\n\t\t\t\t<\/div>\n\t\t<div class=\"elementor-element elementor-element-52eb949 e-con-full e-flex e-con e-parent\" data-id=\"52eb949\" data-element_type=\"container\" data-e-type=\"container\" data-settings=\"{&quot;animation&quot;:&quot;none&quot;}\">\n\t\t<div class=\"elementor-element elementor-element-0a18962 e-con-full e-flex e-con e-child\" data-id=\"0a18962\" data-element_type=\"container\" data-e-type=\"container\">\n\t\t\t\t<div class=\"elementor-element elementor-element-1fdf007 elementor-widget elementor-widget-text-editor\" data-id=\"1fdf007\" data-element_type=\"widget\" data-e-type=\"widget\" data-widget_type=\"text-editor.default\">\n\t\t\t\t<div class=\"elementor-widget-container\">\n\t\t\t\t\t\t\t\t\t<p>GRAT Disputes<br \/>Partnerschaft von Rechtsanw\u00e4lt:innen mbB\u00a0Engelke L\u00f6gering Wagner<\/p><p>Rothenbaumchaussee 40<br \/>20148 Hamburg<\/p><p>T\u00a0+49 (0)40 328 90 98 10<br \/>F\u00a0+49 (0)40 328 90 98 11<br \/>E office@grat-disputes.de<\/p><p><strong>Information on the partnership according to Section 5 DDG and Section 2 DL-InfoV<\/strong><\/p><p>GRAT Disputes Partnerschaft von Rechtsanw\u00e4lt:innen mbB Engelke L\u00f6gering Wagner is the provider of the website and the pages in the social networks (LinkedIn) that can be accessed via this website.<\/p><p>The company uses the abbreviated name \"GRAT Disputes\" within the meaning of Section 9 of the Professional Code of Conduct for Lawyers (BORA).<\/p><p>Registered in the partnership register of the Local Court of Hamburg, PR 1496<\/p><p>Registered office: Hamburg<\/p><p>Address: Rothenbaumchaussee 40, 20148 Hamburg<\/p><p>T\u00a0+49 (0)40 328 90 98 10<br \/>F\u00a0+49 (0)40 328 90 98 11<br \/>E office@grat-disputes.de<\/p><p>List of partners: Ann-Christin Engelke, Dr Martin P. L\u00f6gering, Dr Benjamin Wagner, LL.M.<\/p><p>VAT number: DE365578522<\/p><h4>Admission of professionals<\/h4><p>All lawyers are admitted to practice in the Federal Republic of Germany.<\/p><p>Competent bar association: Hanseatische Rechtsanwaltskammer Hamburg, Valentinskamp 88, 20355 Hamburg<\/p><p>The relevant professional regulations include the Bundesrechtsanwaltsordnung, the Berufsordnung, the Fachanwaltsordnung, the Rechtsanwaltsverg\u00fctungsgesetz and the Berufsregeln der Rechtsanw\u00e4lte der Europ\u00e4ischen Union. These can be found at https:\/\/www.brak.de under the heading \"Berufsrecht\". <a href=\"https:\/\/www.brak.de\">https:\/\/www.brak.de<\/a> in der Rubrik \u201eBerufsrecht&#8220;.<\/p><h4>Information on professional liability insurance<\/h4><p>Professional liability insurance with worldwide cover is provided by ERGO Versicherung AG, 40198 D\u00fcsseldorf.<\/p><h4>Information and liability<\/h4><p>The content on the website and the content accessible via this website in the social networks (LinkedIn) does not constitute legal advice. Any liability in connection with the use of content on the website and content accessible via this website on social networks (LinkedIn) or reliance on its accuracy is excluded.<\/p><h4>Applicable law<\/h4><p>The legal information on this page as well as all questions and disputes in connection with this website are subject to the law of the Federal Republic of Germany.<\/p><h4>Copyright<\/h4><p>GRAT Disputes Partnerschaft von Rechtsanw\u00e4lt:innen mbB Engelke L\u00f6gering Wagner owns the copyright to the content of this website or parts thereof.<\/p><p>Reproduction, transmission or distribution of any content of this website, in particular by downloading, saving or printing, is not permitted without the express consent of GRAT Disputes Partnerschaft von Rechtsanw\u00e4lt:innen mbB Engelke L\u00f6gering Wagner.<\/p><p><strong>Website design \u2502 Image\/font credits<\/strong><\/p><p class=\"translation-block\"><span style=\"text-decoration: underline\">Website design: <\/span> D-to-B Design to Business, Imke Peters \u2502 SOULdeSiGNS, Susan Plokarz<\/p><p><span style=\"text-decoration: underline;\">Texts:<\/span> justploetz.de,\u00a0<span style=\"text-align: var(--text-align); color: var( --e-global-color-secondary );\">Walter Pl\u00f6tz\u00a0<\/span><\/p><p><span style=\"text-decoration: underline;\">Portraits:<\/span>\u00a0Inspiriversum, www.svenzimmermann.eu,\u00a0<span style=\"text-align: var(--text-align); color: var( --e-global-color-secondary );\">Sven Zimmermann\u00a0<\/span><\/p><p><span style=\"text-decoration: underline;\">Images:<\/span><\/p><p>AdobeStock_#673050009\/Maximusdn (\u201cWellen\u201d)<\/p><p>AdobeStock_#638757598\/Iftikhar alam (\u201eBergpfad\u201c)<\/p><p>AdobeStock_#635102262\/Michael Schauer (\u201eBergmassiv\u201c)<\/p><p>AdobeStock_#635102378\/Michael Schauer (\u201eGipfelkette\u201c)<\/p><p>Shutterstock.com_2300108683\/Theus (\u201eTopografielinien\u201c)<\/p><p>Shutterstock.com_ 1298630755\/Omelchenko (\u201eBerg-Gitterstruktur\u201c)<\/p><p><span style=\"text-decoration: underline;\">Fonts:<\/span><\/p><p>Logo: Atrament (Regular \/ Light), designed by Tom\u00e1\u0161 Brousil, Suitcase Type Foundry<\/p><p>Text Intro (\u201etyped\u201c): Saira Extra Condensed, designed by Hector Gatti, developed by Omnibus Type team, Google Fonts<\/p><p>Text Website: Barlow, designed by Jeremy Tribby, Google Fonts<\/p>\t\t\t\t\t\t\t\t<\/div>\n\t\t\t\t<\/div>\n\t\t\t\t<\/div>\n\t\t\t\t<\/div>\n\t\t\t\t<\/div>","protected":false},"excerpt":{"rendered":"<p>Impressum GRAT DisputesPartnerschaft von Rechtsanw\u00e4lt:innen mbB\u00a0Engelke L\u00f6gering Wagner Rothenbaumchaussee 4020148 Hamburg T\u00a0+49 (0)40 328 90 98 10F\u00a0+49 (0)40 328 90 98 11E office@grat-disputes.de Angaben zur Partnerschaft nach \u00a7 5 DDG und \u00a7 2 DL-InfoV Anbieter der Website und der \u00fcber diese Website aufrufbaren Seiten in den sozialen Netzwerken (LinkedIn) ist die GRAT Disputes Partnerschaft von [&hellip;]<\/p>\n","protected":false},"author":4,"featured_media":0,"parent":0,"menu_order":0,"comment_status":"closed","ping_status":"closed","template":"","meta":{"footnotes":""},"class_list":["post-337","page","type-page","status-publish","hentry"],"_links":{"self":[{"href":"https:\/\/grat-disputes.de\/en\/wp-json\/wp\/v2\/pages\/337","targetHints":{"allow":["GET"]}}],"collection":[{"href":"https:\/\/grat-disputes.de\/en\/wp-json\/wp\/v2\/pages"}],"about":[{"href":"https:\/\/grat-disputes.de\/en\/wp-json\/wp\/v2\/types\/page"}],"author":[{"embeddable":true,"href":"https:\/\/grat-disputes.de\/en\/wp-json\/wp\/v2\/users\/4"}],"replies":[{"embeddable":true,"href":"https:\/\/grat-disputes.de\/en\/wp-json\/wp\/v2\/comments?post=337"}],"version-history":[{"count":79,"href":"https:\/\/grat-disputes.de\/en\/wp-json\/wp\/v2\/pages\/337\/revisions"}],"predecessor-version":[{"id":4182,"href":"https:\/\/grat-disputes.de\/en\/wp-json\/wp\/v2\/pages\/337\/revisions\/4182"}],"wp:attachment":[{"href":"https:\/\/grat-disputes.de\/en\/wp-json\/wp\/v2\/media?parent=337"}],"curies":[{"name":"wp","href":"https:\/\/api.w.org\/{rel}","templated":true}]}}