{"id":4090,"date":"2025-07-09T15:41:02","date_gmt":"2025-07-09T15:41:02","guid":{"rendered":"https:\/\/grat-disputes.de\/?page_id=4090"},"modified":"2025-07-12T06:56:12","modified_gmt":"2025-07-12T06:56:12","slug":"karriere","status":"publish","type":"page","link":"https:\/\/grat-disputes.de\/en\/karriere\/","title":{"rendered":"Careers"},"content":{"rendered":"<div data-elementor-type=\"wp-page\" data-elementor-id=\"4090\" class=\"elementor elementor-4090\" data-elementor-post-type=\"page\">\n\t\t\t\t<div class=\"elementor-element elementor-element-948a536 e-con-full e-flex e-con e-parent\" data-id=\"948a536\" data-element_type=\"container\" data-e-type=\"container\" id=\"content\">\n\t\t<div class=\"elementor-element elementor-element-0ce96d2 e-con-full e-flex e-con e-child\" data-id=\"0ce96d2\" data-element_type=\"container\" data-e-type=\"container\">\n\t\t\t\t<div class=\"elementor-element elementor-element-904edcb elementor-widget elementor-widget-heading\" data-id=\"904edcb\" data-element_type=\"widget\" data-e-type=\"widget\" id=\"h1-gross\" data-widget_type=\"heading.default\">\n\t\t\t\t<div class=\"elementor-widget-container\">\n\t\t\t\t\t<h1 class=\"elementor-heading-title elementor-size-default\">Strong.<\/h1>\t\t\t\t<\/div>\n\t\t\t\t<\/div>\n\t\t\t\t<div class=\"elementor-element elementor-element-2815df5 elementor-widget elementor-widget-heading\" data-id=\"2815df5\" data-element_type=\"widget\" data-e-type=\"widget\" id=\"h1-gross\" data-widget_type=\"heading.default\">\n\t\t\t\t<div class=\"elementor-widget-container\">\n\t\t\t\t\t<h1 class=\"elementor-heading-title elementor-size-default\">Stronger.<\/h1>\t\t\t\t<\/div>\n\t\t\t\t<\/div>\n\t\t\t\t<div class=\"elementor-element elementor-element-c50ad8c elementor-widget elementor-widget-heading\" data-id=\"c50ad8c\" data-element_type=\"widget\" data-e-type=\"widget\" id=\"h1-gross\" data-widget_type=\"heading.default\">\n\t\t\t\t<div class=\"elementor-widget-container\">\n\t\t\t\t\t<h2 class=\"elementor-heading-title elementor-size-default\">#teamGRATDisputes.<\/h2>\t\t\t\t<\/div>\n\t\t\t\t<\/div>\n\t\t\t\t<\/div>\n\t\t<div class=\"elementor-element elementor-element-7d62d7c e-con-full e-flex e-con e-child\" data-id=\"7d62d7c\" data-element_type=\"container\" data-e-type=\"container\">\n\t\t\t\t<\/div>\n\t\t<div class=\"elementor-element elementor-element-c770076 e-con-full e-flex e-con e-child\" data-id=\"c770076\" data-element_type=\"container\" data-e-type=\"container\">\n\t\t\t\t<div class=\"elementor-element elementor-element-65444d8 elementor-widget elementor-widget-text-editor\" data-id=\"65444d8\" data-element_type=\"widget\" data-e-type=\"widget\" id=\"p-gross\" data-widget_type=\"text-editor.default\">\n\t\t\t\t<div class=\"elementor-widget-container\">\n\t\t\t\t\t\t\t\t\t<p>We would like to know more about you:\n<\/p>\t\t\t\t\t\t\t\t<\/div>\n\t\t\t\t<\/div>\n\t\t\t\t<div class=\"elementor-element elementor-element-93da1c4 elementor-widget elementor-widget-text-editor\" data-id=\"93da1c4\" data-element_type=\"widget\" data-e-type=\"widget\" data-widget_type=\"text-editor.default\">\n\t\t\t\t<div class=\"elementor-widget-container\">\n\t\t\t\t\t\t\t\t\t<p><strong>Research assistants (f\/m\/d)<\/strong><\/p>\t\t\t\t\t\t\t\t<\/div>\n\t\t\t\t<\/div>\n\t\t\t\t<div class=\"elementor-element elementor-element-1b65ad3 elementor-widget elementor-widget-text-editor\" data-id=\"1b65ad3\" data-element_type=\"widget\" data-e-type=\"widget\" data-widget_type=\"text-editor.default\">\n\t\t\t\t<div class=\"elementor-widget-container\">\n\t\t\t\t\t\t\t\t\t<p>We value team spirit and collegiality. A respectful and appreciative interaction is one of the core values of our law firm. We promote the professional and personal development of our employees in a targeted and individual manner. And we are united by a clear goal: to succeed together for our clients. That is <span style=\"color: #6E8FA4;\">#teamGRATDisputes.<\/span><\/p>\t\t\t\t\t\t\t\t<\/div>\n\t\t\t\t<\/div>\n\t\t\t\t<div class=\"elementor-element elementor-element-6d1b790 elementor-widget elementor-widget-text-editor\" data-id=\"6d1b790\" data-element_type=\"widget\" data-e-type=\"widget\" data-widget_type=\"text-editor.default\">\n\t\t\t\t<div class=\"elementor-widget-container\">\n\t\t\t\t\t\t\t\t\t<p>Alongside outstanding professional qualifications, a strong understanding of economic relationships and excellent English skills, we seek individuals who are passionate about our firm's areas of practice.<\/p>\t\t\t\t\t\t\t\t<\/div>\n\t\t\t\t<\/div>\n\t\t\t\t<div class=\"elementor-element elementor-element-e7b0e4f elementor-widget elementor-widget-text-editor\" data-id=\"e7b0e4f\" data-element_type=\"widget\" data-e-type=\"widget\" id=\"p-gross\" data-widget_type=\"text-editor.default\">\n\t\t\t\t<div class=\"elementor-widget-container\">\n\t\t\t\t\t\t\t\t\t<p>We look forward to getting to know you!\n<\/p>\t\t\t\t\t\t\t\t<\/div>\n\t\t\t\t<\/div>\n\t\t\t\t<div class=\"elementor-element elementor-element-b5ece03 elementor-widget elementor-widget-text-editor\" data-id=\"b5ece03\" data-element_type=\"widget\" data-e-type=\"widget\" data-widget_type=\"text-editor.default\">\n\t\t\t\t<div class=\"elementor-widget-container\">\n\t\t\t\t\t\t\t\t\t<p>Contact for applications: <br \/><a href=\"mailto:benjamin.wagner@grat-disputes.de\">benjamin.wagner@grat-disputes.de<\/a><\/p>\t\t\t\t\t\t\t\t<\/div>\n\t\t\t\t<\/div>\n\t\t\t\t<\/div>\n\t\t\t\t<\/div>\n\t\t\t\t<\/div>","protected":false},"excerpt":{"rendered":"<p>Stark. St\u00e4rker. #teamGRATDisputes. Wir sind neugierig auf Sie: Wissenschaftliche Mitarbeiter (m\/w\/d) Wir leben Teamgeist und Kollegialit\u00e4t. Ein wertsch\u00e4tzender und respektvoller Umgang geh\u00f6rt zu den Grundwerten unserer Kanzlei. Die fachliche und pers\u00f6nliche Weiterentwicklung unserer Mitarbeitenden f\u00f6rdern wir individuell und gezielt. Und uns verbindet ein klares Ziel: F\u00fcr unsere Mandant:innen gemeinsam erfolgreich zu sein. Das ist #teamGRATDisputes. [&hellip;]<\/p>\n","protected":false},"author":4,"featured_media":0,"parent":0,"menu_order":0,"comment_status":"closed","ping_status":"closed","template":"","meta":{"footnotes":""},"class_list":["post-4090","page","type-page","status-publish","hentry"],"_links":{"self":[{"href":"https:\/\/grat-disputes.de\/en\/wp-json\/wp\/v2\/pages\/4090","targetHints":{"allow":["GET"]}}],"collection":[{"href":"https:\/\/grat-disputes.de\/en\/wp-json\/wp\/v2\/pages"}],"about":[{"href":"https:\/\/grat-disputes.de\/en\/wp-json\/wp\/v2\/types\/page"}],"author":[{"embeddable":true,"href":"https:\/\/grat-disputes.de\/en\/wp-json\/wp\/v2\/users\/4"}],"replies":[{"embeddable":true,"href":"https:\/\/grat-disputes.de\/en\/wp-json\/wp\/v2\/comments?post=4090"}],"version-history":[{"count":7,"href":"https:\/\/grat-disputes.de\/en\/wp-json\/wp\/v2\/pages\/4090\/revisions"}],"predecessor-version":[{"id":4167,"href":"https:\/\/grat-disputes.de\/en\/wp-json\/wp\/v2\/pages\/4090\/revisions\/4167"}],"wp:attachment":[{"href":"https:\/\/grat-disputes.de\/en\/wp-json\/wp\/v2\/media?parent=4090"}],"curies":[{"name":"wp","href":"https:\/\/api.w.org\/{rel}","templated":true}]}}