{"id":4096,"date":"2025-07-11T07:44:29","date_gmt":"2025-07-11T07:44:29","guid":{"rendered":"https:\/\/grat-disputes.de\/?page_id=4096"},"modified":"2026-03-28T19:52:36","modified_gmt":"2026-03-28T19:52:36","slug":"home-2","status":"publish","type":"page","link":"https:\/\/grat-disputes.de\/en\/","title":{"rendered":"Home"},"content":{"rendered":"<div data-elementor-type=\"wp-page\" data-elementor-id=\"4096\" class=\"elementor elementor-4096\" data-elementor-post-type=\"page\">\n\t\t\t\t<div class=\"elementor-element elementor-element-8f7e3a4 front-slider e-con-full e-flex e-con e-parent\" data-id=\"8f7e3a4\" data-element_type=\"container\" data-e-type=\"container\" data-settings=\"{&quot;background_background&quot;:&quot;classic&quot;}\">\n\t\t<div class=\"elementor-element elementor-element-764f8003 e-con-full e-flex e-con e-child\" data-id=\"764f8003\" data-element_type=\"container\" data-e-type=\"container\">\n\t\t\t\t<div class=\"elementor-element elementor-element-4206c946 elementor-widget elementor-widget-image\" data-id=\"4206c946\" data-element_type=\"widget\" data-e-type=\"widget\" data-widget_type=\"image.default\">\n\t\t\t\t<div class=\"elementor-widget-container\">\n\t\t\t\t\t\t\t\t\t\t\t\t\t\t\t<img decoding=\"async\" width=\"307\" height=\"102\" src=\"https:\/\/grat-disputes.de\/wp-content\/uploads\/2023\/12\/GRAT-short.png\" class=\"attachment-full size-full wp-image-1959\" alt=\"\" srcset=\"https:\/\/grat-disputes.de\/wp-content\/uploads\/2023\/12\/GRAT-short.png 307w, https:\/\/grat-disputes.de\/wp-content\/uploads\/2023\/12\/GRAT-short-300x100.png 300w\" sizes=\"(max-width: 307px) 100vw, 307px\" \/>\t\t\t\t\t\t\t\t\t\t\t\t\t\t\t<\/div>\n\t\t\t\t<\/div>\n\t\t\t\t<div class=\"elementor-element elementor-element-614c0147 elementor-headline--style-rotate elementor-widget elementor-widget-animated-headline\" data-id=\"614c0147\" data-element_type=\"widget\" data-e-type=\"widget\" data-settings=\"{&quot;headline_style&quot;:&quot;rotate&quot;,&quot;rotating_text&quot;:&quot;Disputes.\\nLitigation.\\nArbitration.\\nMediation.\\nContracts.\\n\\n&quot;,&quot;rotate_iteration_delay&quot;:1500,&quot;animation_type&quot;:&quot;typing&quot;,&quot;loop&quot;:&quot;yes&quot;}\" data-widget_type=\"animated-headline.default\">\n\t\t\t\t<div class=\"elementor-widget-container\">\n\t\t\t\t\t\t\t<h3 class=\"elementor-headline elementor-headline-animation-type-typing elementor-headline-letters\">\n\t\t\t\t<span class=\"elementor-headline-dynamic-wrapper elementor-headline-text-wrapper\">\n\t\t\t\t\t<span class=\"elementor-headline-dynamic-text elementor-headline-text-active\">\n\t\t\t\tDisputes.\t\t\t<\/span>\n\t\t\t\t\t<span class=\"elementor-headline-dynamic-text\">\n\t\t\t\tLitigation.\t\t\t<\/span>\n\t\t\t\t\t<span class=\"elementor-headline-dynamic-text\">\n\t\t\t\tArbitration.\t\t\t<\/span>\n\t\t\t\t\t<span class=\"elementor-headline-dynamic-text\">\n\t\t\t\tMediation.\t\t\t<\/span>\n\t\t\t\t\t<span class=\"elementor-headline-dynamic-text\">\n\t\t\t\tContracts.\t\t\t<\/span>\n\t\t\t\t\t<span class=\"elementor-headline-dynamic-text\">\n\t\t\t\t\t\t\t<\/span>\n\t\t\t\t\t<span class=\"elementor-headline-dynamic-text\">\n\t\t\t\t\t\t\t<\/span>\n\t\t\t\t\t\t<\/span>\n\t\t\t\t<\/h3>\n\t\t\t\t\t\t<\/div>\n\t\t\t\t<\/div>\n\t\t\t\t<\/div>\n\t\t<div class=\"elementor-element elementor-element-504af5c8 e-con-full e-flex e-con e-child\" data-id=\"504af5c8\" data-element_type=\"container\" data-e-type=\"container\">\n\t\t\t\t<div class=\"elementor-element elementor-element-34e63d00 elementor-widget elementor-widget-heading\" data-id=\"34e63d00\" data-element_type=\"widget\" data-e-type=\"widget\" data-widget_type=\"heading.default\">\n\t\t\t\t<div class=\"elementor-widget-container\">\n\t\t\t\t\t<h2 class=\"elementor-heading-title elementor-size-default\">Dispute Resolution<br>Lawyers.<\/h2>\t\t\t\t<\/div>\n\t\t\t\t<\/div>\n\t\t\t\t<\/div>\n\t\t\t\t<\/div>\n\t\t<div class=\"elementor-element elementor-element-14e2f0d e-flex e-con-boxed e-con e-parent\" data-id=\"14e2f0d\" data-element_type=\"container\" data-e-type=\"container\" id=\"content\" data-settings=\"{&quot;background_background&quot;:&quot;classic&quot;}\">\n\t\t\t\t\t<div class=\"e-con-inner\">\n\t\t<div class=\"elementor-element elementor-element-6fb5a9c e-con-full e-flex e-con e-child\" data-id=\"6fb5a9c\" data-element_type=\"container\" data-e-type=\"container\">\n\t\t\t\t<div class=\"elementor-element elementor-element-8a2059b elementor-invisible elementor-widget elementor-widget-heading\" data-id=\"8a2059b\" data-element_type=\"widget\" data-e-type=\"widget\" id=\"h1-gross\" data-settings=\"{&quot;_animation&quot;:&quot;fadeInUp&quot;}\" data-widget_type=\"heading.default\">\n\t\t\t\t<div class=\"elementor-widget-container\">\n\t\t\t\t\t<h1 class=\"elementor-heading-title elementor-size-default\">Why GRAT Disputes?<\/h1>\t\t\t\t<\/div>\n\t\t\t\t<\/div>\n\t\t\t\t<div class=\"elementor-element elementor-element-718b98b elementor-invisible elementor-widget elementor-widget-heading\" data-id=\"718b98b\" data-element_type=\"widget\" data-e-type=\"widget\" id=\"h2-gross\" data-settings=\"{&quot;_animation&quot;:&quot;fadeInUp&quot;}\" data-widget_type=\"heading.default\">\n\t\t\t\t<div class=\"elementor-widget-container\">\n\t\t\t\t\t<h2 class=\"elementor-heading-title elementor-size-default\">Because dealing with disputes can be difficult and we\u2019ll take over when the going gets tough.<\/h2>\t\t\t\t<\/div>\n\t\t\t\t<\/div>\n\t\t\t\t<\/div>\n\t\t<div class=\"elementor-element elementor-element-d983367 e-con-full e-flex e-con e-child\" data-id=\"d983367\" data-element_type=\"container\" data-e-type=\"container\">\n\t\t\t\t<\/div>\n\t\t<div class=\"elementor-element elementor-element-64be306 e-con-full e-flex e-con e-child\" data-id=\"64be306\" data-element_type=\"container\" data-e-type=\"container\">\n\t\t\t\t<div class=\"elementor-element elementor-element-a939813 elementor-invisible elementor-widget elementor-widget-text-editor\" data-id=\"a939813\" data-element_type=\"widget\" data-e-type=\"widget\" id=\"p-gross\" data-settings=\"{&quot;_animation&quot;:&quot;fadeIn&quot;}\" data-widget_type=\"text-editor.default\">\n\t\t\t\t<div class=\"elementor-widget-container\">\n\t\t\t\t\t\t\t\t\t<p>GRAT Disputes is a boutique law firm which advises on complex commercial disputes. Our name comes from the German word for mountain ridge which, in mountaineering, can be a challenge if you are unsupported. We think that\u2019s a useful analogy to dealing with dispute resolution. We can guide you along the right route to a successful result.<\/p>\t\t\t\t\t\t\t\t<\/div>\n\t\t\t\t<\/div>\n\t\t\t\t<\/div>\n\t\t<div class=\"elementor-element elementor-element-94f7785 elementor-hidden-mobile e-flex e-con-boxed e-con e-child\" data-id=\"94f7785\" data-element_type=\"container\" data-e-type=\"container\">\n\t\t\t\t\t<div class=\"e-con-inner\">\n\t\t\t\t<div class=\"elementor-element elementor-element-1ea272b elementor--h-position-left elementor-widget__width-inherit elementor--v-position-middle elementor-arrows-position-inside elementor-widget elementor-widget-slides\" data-id=\"1ea272b\" data-element_type=\"widget\" data-e-type=\"widget\" id=\"slider-seiten\" data-settings=\"{&quot;navigation&quot;:&quot;arrows&quot;,&quot;autoplay_speed&quot;:3000,&quot;autoplay&quot;:&quot;yes&quot;,&quot;pause_on_hover&quot;:&quot;yes&quot;,&quot;pause_on_interaction&quot;:&quot;yes&quot;,&quot;infinite&quot;:&quot;yes&quot;,&quot;transition&quot;:&quot;slide&quot;,&quot;transition_speed&quot;:500}\" data-widget_type=\"slides.default\">\n\t\t\t\t<div class=\"elementor-widget-container\">\n\t\t\t\t\t\t\t\t\t<div class=\"elementor-swiper\">\n\t\t\t\t\t<div class=\"elementor-slides-wrapper elementor-main-swiper swiper\" role=\"region\" aria-roledescription=\"carousel\" aria-label=\"Slider\" dir=\"ltr\" data-animation=\"fadeInUp\">\n\t\t\t\t<div class=\"swiper-wrapper elementor-slides\">\n\t\t\t\t\t\t\t\t\t\t<div class=\"elementor-repeater-item-7ec60ef swiper-slide\" role=\"group\" aria-roledescription=\"slide\"><div class=\"swiper-slide-bg\" role=\"img\" aria-label=\"GRAT Disputes Team\"><\/div><a class=\"swiper-slide-inner\" href=\"\/en\/team\/\"><div class=\"swiper-slide-contents\"><div class=\"elementor-slide-heading\"><strong>Grat<\/strong>Team<\/div><\/div><\/a><\/div><div class=\"elementor-repeater-item-3dd3425 swiper-slide\" role=\"group\" aria-roledescription=\"slide\"><div class=\"swiper-slide-bg\" role=\"img\" aria-label=\"GRAT Disputes Kompetenzen\"><\/div><a class=\"swiper-slide-inner\" href=\"\/en\/kompetenzen\/\"><div class=\"swiper-slide-contents\"><div class=\"elementor-slide-heading\"><strong>Grat<\/strong>Services<\/div><\/div><\/a><\/div><div class=\"elementor-repeater-item-e0cecef swiper-slide\" role=\"group\" aria-roledescription=\"slide\"><div class=\"swiper-slide-bg\" role=\"img\" aria-label=\"GRAT Disputes Schwerpunkte\"><\/div><a class=\"swiper-slide-inner\" href=\"\/en\/schwerpunkte\/\"><div class=\"swiper-slide-contents\"><div class=\"elementor-slide-heading\"><strong>Grat<\/strong>Industries<\/div><\/div><\/a><\/div><div class=\"elementor-repeater-item-dde1344 swiper-slide\" role=\"group\" aria-roledescription=\"slide\"><div class=\"swiper-slide-bg\" role=\"img\" aria-label=\"GRAT Disputes Insights\"><\/div><a class=\"swiper-slide-inner\" href=\"https:\/\/grat-disputes.de\/en\/insights\/\"><div class=\"swiper-slide-contents\"><div class=\"elementor-slide-heading\"><strong>Grat<\/strong>Insights<\/div><\/div><\/a><\/div>\t\t\t\t<\/div>\n\t\t\t\t\t\t\t\t\t\t\t\t\t\t\t<div class=\"elementor-swiper-button elementor-swiper-button-prev\" role=\"button\" tabindex=\"0\" aria-label=\"Vorheriger Slide\">\n\t\t\t\t\t\t\t<svg aria-hidden=\"true\" class=\"e-font-icon-svg e-eicon-chevron-left\" viewbox=\"0 0 1000 1000\" xmlns=\"http:\/\/www.w3.org\/2000\/svg\"><path d=\"M646 125C629 125 613 133 604 142L308 442C296 454 292 471 292 487 292 504 296 521 308 533L604 854C617 867 629 875 646 875 663 875 679 871 692 858 704 846 713 829 713 812 713 796 708 779 692 767L438 487 692 225C700 217 708 204 708 187 708 171 704 154 692 142 675 129 663 125 646 125Z\"><\/path><\/svg>\t\t\t\t\t\t<\/div>\n\t\t\t\t\t\t<div class=\"elementor-swiper-button elementor-swiper-button-next\" role=\"button\" tabindex=\"0\" aria-label=\"N\u00e4chster Slide\">\n\t\t\t\t\t\t\t<svg aria-hidden=\"true\" class=\"e-font-icon-svg e-eicon-chevron-right\" viewbox=\"0 0 1000 1000\" xmlns=\"http:\/\/www.w3.org\/2000\/svg\"><path d=\"M696 533C708 521 713 504 713 487 713 471 708 454 696 446L400 146C388 133 375 125 354 125 338 125 325 129 313 142 300 154 292 171 292 187 292 204 296 221 308 233L563 492 304 771C292 783 288 800 288 817 288 833 296 850 308 863 321 871 338 875 354 875 371 875 388 867 400 854L696 533Z\"><\/path><\/svg>\t\t\t\t\t\t<\/div>\n\t\t\t\t\t\t\t\t\t\t\t\t\t\t\t\t\t<\/div>\n\t\t\t\t<\/div>\n\t\t\t\t\t\t\t\t<\/div>\n\t\t\t\t<\/div>\n\t\t\t\t\t<\/div>\n\t\t\t\t<\/div>\n\t\t<div class=\"elementor-element elementor-element-fa5da7f e-con-full elementor-hidden-desktop elementor-hidden-laptop elementor-hidden-tablet_extra elementor-hidden-tablet e-flex e-con e-child\" data-id=\"fa5da7f\" data-element_type=\"container\" data-e-type=\"container\">\n\t\t\t\t<div class=\"elementor-element elementor-element-cac0bcb elementor-widget__width-inherit elementor--h-position-center elementor--v-position-middle elementor-arrows-position-inside elementor-widget elementor-widget-slides\" data-id=\"cac0bcb\" data-element_type=\"widget\" data-e-type=\"widget\" data-settings=\"{&quot;navigation&quot;:&quot;arrows&quot;,&quot;autoplay_speed&quot;:3000,&quot;autoplay&quot;:&quot;yes&quot;,&quot;pause_on_hover&quot;:&quot;yes&quot;,&quot;pause_on_interaction&quot;:&quot;yes&quot;,&quot;infinite&quot;:&quot;yes&quot;,&quot;transition&quot;:&quot;slide&quot;,&quot;transition_speed&quot;:500}\" data-widget_type=\"slides.default\">\n\t\t\t\t<div class=\"elementor-widget-container\">\n\t\t\t\t\t\t\t\t\t<div class=\"elementor-swiper\">\n\t\t\t\t\t<div class=\"elementor-slides-wrapper elementor-main-swiper swiper\" role=\"region\" aria-roledescription=\"carousel\" aria-label=\"Slider\" dir=\"ltr\" data-animation=\"fadeInUp\">\n\t\t\t\t<div class=\"swiper-wrapper elementor-slides\">\n\t\t\t\t\t\t\t\t\t\t<div class=\"elementor-repeater-item-7ec60ef swiper-slide\" role=\"group\" aria-roledescription=\"slide\"><div class=\"swiper-slide-bg\" role=\"img\" aria-label=\"GRAT Disputes Team\"><\/div><a class=\"swiper-slide-inner\" href=\"https:\/\/grat-disputes.de\/en\/team\/\"><div class=\"swiper-slide-contents\"><div class=\"elementor-slide-heading\"><strong>Grat<\/strong>Team<\/div><\/div><\/a><\/div><div class=\"elementor-repeater-item-3dd3425 swiper-slide\" role=\"group\" aria-roledescription=\"slide\"><div class=\"swiper-slide-bg\" role=\"img\" aria-label=\"GRAT Disputes Kompetenzen\"><\/div><a class=\"swiper-slide-inner\" href=\"https:\/\/grat-disputes.de\/en\/kompetenzen\/\"><div class=\"swiper-slide-contents\"><div class=\"elementor-slide-heading\"><strong>Grat<\/strong>Services<\/div><\/div><\/a><\/div><div class=\"elementor-repeater-item-e0cecef swiper-slide\" role=\"group\" aria-roledescription=\"slide\"><div class=\"swiper-slide-bg\" role=\"img\" aria-label=\"GRAT Disputes Schwerpunkte\"><\/div><a class=\"swiper-slide-inner\" href=\"https:\/\/grat-disputes.de\/en\/schwerpunkte\/\"><div class=\"swiper-slide-contents\"><div class=\"elementor-slide-heading\"><strong>Grat<\/strong>Industries<\/div><\/div><\/a><\/div><div class=\"elementor-repeater-item-dde1344 swiper-slide\" role=\"group\" aria-roledescription=\"slide\"><div class=\"swiper-slide-bg\" role=\"img\" aria-label=\"GRAT Disputes Insights\"><\/div><a class=\"swiper-slide-inner\" href=\"https:\/\/grat-disputes.de\/en\/insights\/\"><div class=\"swiper-slide-contents\"><div class=\"elementor-slide-heading\"><strong>Grat<\/strong>Insights<\/div><\/div><\/a><\/div>\t\t\t\t<\/div>\n\t\t\t\t\t\t\t\t\t\t\t\t\t\t\t<div class=\"elementor-swiper-button elementor-swiper-button-prev\" role=\"button\" tabindex=\"0\" aria-label=\"Vorheriger Slide\">\n\t\t\t\t\t\t\t<svg aria-hidden=\"true\" class=\"e-font-icon-svg e-eicon-chevron-left\" viewbox=\"0 0 1000 1000\" xmlns=\"http:\/\/www.w3.org\/2000\/svg\"><path d=\"M646 125C629 125 613 133 604 142L308 442C296 454 292 471 292 487 292 504 296 521 308 533L604 854C617 867 629 875 646 875 663 875 679 871 692 858 704 846 713 829 713 812 713 796 708 779 692 767L438 487 692 225C700 217 708 204 708 187 708 171 704 154 692 142 675 129 663 125 646 125Z\"><\/path><\/svg>\t\t\t\t\t\t<\/div>\n\t\t\t\t\t\t<div class=\"elementor-swiper-button elementor-swiper-button-next\" role=\"button\" tabindex=\"0\" aria-label=\"N\u00e4chster Slide\">\n\t\t\t\t\t\t\t<svg aria-hidden=\"true\" class=\"e-font-icon-svg e-eicon-chevron-right\" viewbox=\"0 0 1000 1000\" xmlns=\"http:\/\/www.w3.org\/2000\/svg\"><path d=\"M696 533C708 521 713 504 713 487 713 471 708 454 696 446L400 146C388 133 375 125 354 125 338 125 325 129 313 142 300 154 292 171 292 187 292 204 296 221 308 233L563 492 304 771C292 783 288 800 288 817 288 833 296 850 308 863 321 871 338 875 354 875 371 875 388 867 400 854L696 533Z\"><\/path><\/svg>\t\t\t\t\t\t<\/div>\n\t\t\t\t\t\t\t\t\t\t\t\t\t\t\t\t\t<\/div>\n\t\t\t\t<\/div>\n\t\t\t\t\t\t\t\t<\/div>\n\t\t\t\t<\/div>\n\t\t\t\t<\/div>\n\t\t\t\t\t<\/div>\n\t\t\t\t<\/div>\n\t\t<div class=\"elementor-element elementor-element-94a3fef e-con-full e-flex elementor-invisible e-con e-parent\" data-id=\"94a3fef\" data-element_type=\"container\" data-e-type=\"container\" id=\"gelbebox\" data-settings=\"{&quot;background_background&quot;:&quot;classic&quot;,&quot;animation&quot;:&quot;fadeIn&quot;}\">\n\t\t<div class=\"elementor-element elementor-element-38688e0 e-con-full e-flex e-con e-child\" data-id=\"38688e0\" data-element_type=\"container\" data-e-type=\"container\">\n\t\t\t\t<div class=\"elementor-element elementor-element-f397a5f elementor-widget elementor-widget-text-editor\" data-id=\"f397a5f\" data-element_type=\"widget\" data-e-type=\"widget\" data-widget_type=\"text-editor.default\">\n\t\t\t\t<div class=\"elementor-widget-container\">\n\t\t\t\t\t\t\t\t\t<p>We stand for reliability and loyalty. We have uncompromising quality standards for our work. We combine this with personal advice and the independence of a boutique law firm. We are commercially aware, have a modern approach to what we do and are always mindful of our clients' best interests.<\/p>\t\t\t\t\t\t\t\t<\/div>\n\t\t\t\t<\/div>\n\t\t\t\t<\/div>\n\t\t\t\t<\/div>\n\t\t<div class=\"elementor-element elementor-element-a668e2c e-flex e-con-boxed e-con e-parent\" data-id=\"a668e2c\" data-element_type=\"container\" data-e-type=\"container\">\n\t\t\t\t\t<div class=\"e-con-inner\">\n\t\t<div class=\"elementor-element elementor-element-463761e e-con-full e-flex e-con e-child\" data-id=\"463761e\" data-element_type=\"container\" data-e-type=\"container\">\n\t\t\t\t<div class=\"elementor-element elementor-element-13f317e elementor-widget__width-initial elementor-invisible elementor-widget elementor-widget-heading\" data-id=\"13f317e\" data-element_type=\"widget\" data-e-type=\"widget\" data-settings=\"{&quot;_animation&quot;:&quot;fadeInUp&quot;}\" data-widget_type=\"heading.default\">\n\t\t\t\t<div class=\"elementor-widget-container\">\n\t\t\t\t\t<h2 class=\"elementor-heading-title elementor-size-default\">Awards &amp; Rankings<\/h2>\t\t\t\t<\/div>\n\t\t\t\t<\/div>\n\t\t\t\t<\/div>\n\t\t\t\t\t<\/div>\n\t\t\t\t<\/div>\n\t\t<div class=\"elementor-element elementor-element-605c7c0 elementor-hidden-desktop elementor-hidden-laptop elementor-hidden-tablet_extra elementor-hidden-tablet elementor-hidden-mobile e-flex e-con-boxed e-con e-parent\" data-id=\"605c7c0\" data-element_type=\"container\" data-e-type=\"container\">\n\t\t\t\t\t<div class=\"e-con-inner\">\n\t\t\t\t\t<\/div>\n\t\t\t\t<\/div>\n\t\t<div class=\"elementor-element elementor-element-2cbb3ab e-con-full e-flex e-con e-parent\" data-id=\"2cbb3ab\" data-element_type=\"container\" data-e-type=\"container\">\n\t\t\t\t<div class=\"elementor-element elementor-element-0be13e8 elementor-widget__width-initial elementor-widget-mobile__width-inherit elementor-widget elementor-widget-le_bordered_three_columns\" data-id=\"0be13e8\" data-element_type=\"widget\" data-e-type=\"widget\" data-widget_type=\"le_bordered_three_columns.default\">\n\t\t\t\t<div class=\"elementor-widget-container\">\n\t\t\t\t\t<div class=\"le-btc-wrapper\"><div class=\"le-btc-row\" style=\"display:flex;\"><div class=\"le-btc-column\" style=\"flex:0 0 33.333%;max-width:33.333%;box-sizing:border-box;text-align:center;\"><div class=\"le-btc-inner\" style=\"display:inline-block;border-top:2px solid #6e8fa4;width:80%;margin:0 auto;\"><p>GRAT Disputes is ranked as a <strong>highly recommended law firm<\/strong> for International Arbitration &amp; Commercial Litigation<br \/><em><span style=\"color: #999999\">by Leaders League (2026)<\/span><\/em><\/p><\/div><\/div><div class=\"le-btc-column\" style=\"flex:0 0 33.333%;max-width:33.333%;box-sizing:border-box;text-align:center;\"><div class=\"le-btc-inner\" style=\"display:inline-block;border-top:2px solid #6e8fa4;width:80%;margin:0 auto;\"><img fetchpriority=\"high\" decoding=\"async\" class=\"size-medium wp-image-4260 aligncenter\" src=\"https:\/\/grat-disputes.de\/wp-content\/uploads\/2026\/03\/Ranked-Firm-2026-300x300.png\" alt=\"\" width=\"300\" height=\"300\" data-wp-editing=\"1\" srcset=\"https:\/\/grat-disputes.de\/wp-content\/uploads\/2026\/03\/Ranked-Firm-2026-300x300.png 300w, https:\/\/grat-disputes.de\/wp-content\/uploads\/2026\/03\/Ranked-Firm-2026-1024x1024.png 1024w, https:\/\/grat-disputes.de\/wp-content\/uploads\/2026\/03\/Ranked-Firm-2026-150x150.png 150w, https:\/\/grat-disputes.de\/wp-content\/uploads\/2026\/03\/Ranked-Firm-2026-768x768.png 768w, https:\/\/grat-disputes.de\/wp-content\/uploads\/2026\/03\/Ranked-Firm-2026-12x12.png 12w, https:\/\/grat-disputes.de\/wp-content\/uploads\/2026\/03\/Ranked-Firm-2026.png 1500w\" sizes=\"(max-width: 300px) 100vw, 300px\" \/><\/div><\/div><div class=\"le-btc-column\" style=\"flex:0 0 33.333%;max-width:33.333%;box-sizing:border-box;text-align:center;\"><div class=\"le-btc-inner\" style=\"display:inline-block;border-top:2px solid #6e8fa4;width:80%;margin:0 auto;\"><p>GRAT Disputes is recognized as one of the '<strong>Best Law Firms - Germany<\/strong>' for Litigation,  Arbitration &amp; Mediation<br \/><em><span style=\"color: #808080\">by Handelsblatt \/ Best Lawyers  (2025)<\/span><\/em><\/p><\/div><\/div><\/div><div class=\"le-btc-row\" style=\"display:flex;\"><div class=\"le-btc-column le-btc-empty\" style=\"flex:0 0 33.333%;max-width:33.333%;box-sizing:border-box;text-align:center;\">&nbsp;<\/div><div class=\"le-btc-column\" style=\"flex:0 0 33.333%;max-width:33.333%;box-sizing:border-box;text-align:center;\"><div class=\"le-btc-inner\" style=\"display:inline-block;border-top:2px solid #6e8fa4;width:80%;margin:0 auto;\"><p>Ann-Christin Engelke, Martin L\u00f6gering &amp; Benjamin Wagner are ranked as <strong>highly recommended lawyers<\/strong> for Commercial Litigation<br \/><em><span style=\"color: #999999\">by Leaders League (2026)<\/span><\/em><\/p><\/div><\/div><div class=\"le-btc-column\" style=\"flex:0 0 33.333%;max-width:33.333%;box-sizing:border-box;text-align:center;\"><div class=\"le-btc-inner\" style=\"display:inline-block;border-top:2px solid #6e8fa4;width:80%;margin:0 auto;\"><p>Ann-Christin Engelke, Martin L\u00f6gering &amp; Benjamin Wagner are ranked as <strong>highly recommended lawyers<\/strong> for International Arbitration<br \/><em><span style=\"color: #999999\">by Leaders League (2026)<\/span><\/em><\/p><\/div><\/div><\/div><div class=\"le-btc-row\" style=\"display:flex;\"><div class=\"le-btc-column\" style=\"flex:0 0 33.333%;max-width:33.333%;box-sizing:border-box;text-align:center;\"><div class=\"le-btc-inner\" style=\"display:inline-block;border-top:2px solid #6e8fa4;width:80%;margin:0 auto;\"><p>Martin L\u00f6gering is recognized in '<strong>The Best Lawyers in Germany<\/strong>' for Litigation,  Arbitration &amp; Mediation<br \/><em><span style=\"color: #999999\">by Handelsblatt \/ Best Lawyers  (2025)<br \/><\/span><\/em><\/p><\/div><\/div><div class=\"le-btc-column\" style=\"flex:0 0 33.333%;max-width:33.333%;box-sizing:border-box;text-align:center;\"><div class=\"le-btc-inner\" style=\"display:inline-block;border-top:2px solid #6e8fa4;width:80%;margin:0 auto;\"><p>GRAT Disputes is recognized as <strong>\u201eTOP Kanzlei\u201c<\/strong>\u00a0for Arbitration<br \/><em><span style=\"color: #808080\">by WirtschaftsWoche (2024)<br \/><\/span><\/em><\/p><\/div><\/div><div class=\"le-btc-column\" style=\"flex:0 0 33.333%;max-width:33.333%;box-sizing:border-box;text-align:center;\"><div class=\"le-btc-inner\" style=\"display:inline-block;border-top:2px solid #6e8fa4;width:80%;margin:0 auto;\"><p>Martin L\u00f6gering is recognized as <strong>\u201eTOP Anwalt<\/strong>\" for Arbitration<br \/><em><span style=\"color: #999999\">by WirtschaftsWoche (2024)<br \/><\/span><\/em><\/p><\/div><\/div><\/div><\/div>\t\t\t\t<\/div>\n\t\t\t\t<\/div>\n\t\t\t\t<\/div>\n\t\t\t\t<\/div>","protected":false},"excerpt":{"rendered":"<p>Disputes. Litigation. Arbitration. Mediation. Contracts. Kanzlei f\u00fcrKonfliktl\u00f6sung. Warum GRAT Disputes? Weil wir fu\u0308r Sie dahin gehen, wo es schwierig wird. GRAT Disputes ist eine auf komplexe wirtschaftsrechtliche Konflikte spezialisierte Boutique-Kanzlei. F\u00fcr unsere Mandant:innen bewegen wir uns auf schwierigem juristischen Terrain. Nur wer sich hier souver\u00e4n und trittsicher bewegen kann, wer feinste Konturen erkennt und einzusch\u00e4tzen [&hellip;]<\/p>\n","protected":false},"author":4,"featured_media":0,"parent":0,"menu_order":0,"comment_status":"closed","ping_status":"closed","template":"","meta":{"footnotes":""},"class_list":["post-4096","page","type-page","status-publish","hentry"],"_links":{"self":[{"href":"https:\/\/grat-disputes.de\/en\/wp-json\/wp\/v2\/pages\/4096","targetHints":{"allow":["GET"]}}],"collection":[{"href":"https:\/\/grat-disputes.de\/en\/wp-json\/wp\/v2\/pages"}],"about":[{"href":"https:\/\/grat-disputes.de\/en\/wp-json\/wp\/v2\/types\/page"}],"author":[{"embeddable":true,"href":"https:\/\/grat-disputes.de\/en\/wp-json\/wp\/v2\/users\/4"}],"replies":[{"embeddable":true,"href":"https:\/\/grat-disputes.de\/en\/wp-json\/wp\/v2\/comments?post=4096"}],"version-history":[{"count":112,"href":"https:\/\/grat-disputes.de\/en\/wp-json\/wp\/v2\/pages\/4096\/revisions"}],"predecessor-version":[{"id":4288,"href":"https:\/\/grat-disputes.de\/en\/wp-json\/wp\/v2\/pages\/4096\/revisions\/4288"}],"wp:attachment":[{"href":"https:\/\/grat-disputes.de\/en\/wp-json\/wp\/v2\/media?parent=4096"}],"curies":[{"name":"wp","href":"https:\/\/api.w.org\/{rel}","templated":true}]}}