{"id":612,"date":"2023-12-14T12:47:58","date_gmt":"2023-12-14T12:47:58","guid":{"rendered":"https:\/\/grat-disputes.de\/?page_id=612"},"modified":"2026-01-18T14:42:57","modified_gmt":"2026-01-18T14:42:57","slug":"team","status":"publish","type":"page","link":"https:\/\/grat-disputes.de\/en\/team\/","title":{"rendered":"Team"},"content":{"rendered":"<div data-elementor-type=\"wp-page\" data-elementor-id=\"612\" class=\"elementor elementor-612\" data-elementor-post-type=\"page\">\n\t\t\t\t<div class=\"elementor-element elementor-element-a7c4970 e-con-full e-flex e-con e-parent\" data-id=\"a7c4970\" data-element_type=\"container\" data-e-type=\"container\" id=\"content\">\n\t\t<div class=\"elementor-element elementor-element-921f610 e-con-full e-flex e-con e-child\" data-id=\"921f610\" data-element_type=\"container\" data-e-type=\"container\">\n\t\t\t\t<div class=\"elementor-element elementor-element-0443686 elementor-invisible elementor-widget elementor-widget-heading\" data-id=\"0443686\" data-element_type=\"widget\" data-e-type=\"widget\" id=\"h1-gross\" data-settings=\"{&quot;_animation&quot;:&quot;fadeInUp&quot;}\" data-widget_type=\"heading.default\">\n\t\t\t\t<div class=\"elementor-widget-container\">\n\t\t\t\t\t<h1 class=\"elementor-heading-title elementor-size-default\">Your Dispute \u2013 Our Challenge<\/h1>\t\t\t\t<\/div>\n\t\t\t\t<\/div>\n\t\t\t\t<div class=\"elementor-element elementor-element-f8f624d elementor-invisible elementor-widget elementor-widget-heading\" data-id=\"f8f624d\" data-element_type=\"widget\" data-e-type=\"widget\" id=\"h2-gross\" data-settings=\"{&quot;_animation&quot;:&quot;fadeInUp&quot;}\" data-widget_type=\"heading.default\">\n\t\t\t\t<div class=\"elementor-widget-container\">\n\t\t\t\t\t<h2 class=\"elementor-heading-title elementor-size-default\">A challenge we are happy to accept. <\/h2>\t\t\t\t<\/div>\n\t\t\t\t<\/div>\n\t\t\t\t<\/div>\n\t\t<div class=\"elementor-element elementor-element-9c42e2c e-con-full e-flex e-con e-child\" data-id=\"9c42e2c\" data-element_type=\"container\" data-e-type=\"container\">\n\t\t\t\t<\/div>\n\t\t<div class=\"elementor-element elementor-element-006ec6c e-con-full e-flex e-con e-child\" data-id=\"006ec6c\" data-element_type=\"container\" data-e-type=\"container\">\n\t\t\t\t<div class=\"elementor-element elementor-element-688757e elementor-invisible elementor-widget elementor-widget-text-editor\" data-id=\"688757e\" data-element_type=\"widget\" data-e-type=\"widget\" data-settings=\"{&quot;_animation&quot;:&quot;fadeIn&quot;}\" data-widget_type=\"text-editor.default\">\n\t\t\t\t<div class=\"elementor-widget-container\">\n\t\t\t\t\t\t\t\t\t<p>As experienced lawyers we work with our clients, to develop the best possible solution to the dispute. Their trust in us is our incentive.<\/p>\t\t\t\t\t\t\t\t<\/div>\n\t\t\t\t<\/div>\n\t\t\t\t<\/div>\n\t\t\t\t<\/div>\n\t\t<div class=\"elementor-element elementor-element-b4ba621 e-con-full e-flex elementor-invisible e-con e-parent\" data-id=\"b4ba621\" data-element_type=\"container\" data-e-type=\"container\" data-settings=\"{&quot;background_background&quot;:&quot;classic&quot;,&quot;animation&quot;:&quot;fadeIn&quot;}\">\n\t\t<div class=\"elementor-element elementor-element-312d0f0 e-con-full e-flex e-con e-child\" data-id=\"312d0f0\" data-element_type=\"container\" data-e-type=\"container\" data-settings=\"{&quot;background_background&quot;:&quot;classic&quot;}\">\n\t\t\t\t<div class=\"elementor-element elementor-element-c1a323f elementor-invisible elementor-widget elementor-widget-image\" data-id=\"c1a323f\" data-element_type=\"widget\" data-e-type=\"widget\" data-settings=\"{&quot;_animation&quot;:&quot;fadeIn&quot;}\" data-widget_type=\"image.default\">\n\t\t\t\t<div class=\"elementor-widget-container\">\n\t\t\t\t\t\t\t\t\t\t\t\t\t\t\t\t<a href=\"https:\/\/grat-disputes.de\/en\/ann-christin-engelke\/\">\n\t\t\t\t\t\t\t<img fetchpriority=\"high\" decoding=\"async\" width=\"800\" height=\"635\" src=\"https:\/\/grat-disputes.de\/wp-content\/uploads\/2023\/12\/Team_Engelke-1024x813.jpg\" class=\"attachment-large size-large wp-image-627\" alt=\"GRAT Disputes - Ann-Christin Engelke\" srcset=\"https:\/\/grat-disputes.de\/wp-content\/uploads\/2023\/12\/Team_Engelke-1024x813.jpg 1024w, https:\/\/grat-disputes.de\/wp-content\/uploads\/2023\/12\/Team_Engelke-300x238.jpg 300w, https:\/\/grat-disputes.de\/wp-content\/uploads\/2023\/12\/Team_Engelke-768x610.jpg 768w, https:\/\/grat-disputes.de\/wp-content\/uploads\/2023\/12\/Team_Engelke.jpg 1100w\" sizes=\"(max-width: 800px) 100vw, 800px\" \/>\t\t\t\t\t\t\t\t<\/a>\n\t\t\t\t\t\t\t\t\t\t\t\t\t\t\t<\/div>\n\t\t\t\t<\/div>\n\t\t\t\t<div class=\"elementor-element elementor-element-dd1b5ea elementor-widget elementor-widget-heading\" data-id=\"dd1b5ea\" data-element_type=\"widget\" data-e-type=\"widget\" data-widget_type=\"heading.default\">\n\t\t\t\t<div class=\"elementor-widget-container\">\n\t\t\t\t\t<h3 class=\"elementor-heading-title elementor-size-default\">Ann-Christin Engelke<\/h3>\t\t\t\t<\/div>\n\t\t\t\t<\/div>\n\t\t\t\t<div class=\"elementor-element elementor-element-7141652 elementor-widget elementor-widget-heading\" data-id=\"7141652\" data-element_type=\"widget\" data-e-type=\"widget\" data-widget_type=\"heading.default\">\n\t\t\t\t<div class=\"elementor-widget-container\">\n\t\t\t\t\t<h4 class=\"elementor-heading-title elementor-size-default\">Partner | Lawyer <\/h4>\t\t\t\t<\/div>\n\t\t\t\t<\/div>\n\t\t\t\t<div class=\"elementor-element elementor-element-4f5a373 elementor-widget elementor-widget-heading\" data-id=\"4f5a373\" data-element_type=\"widget\" data-e-type=\"widget\" data-widget_type=\"heading.default\">\n\t\t\t\t<div class=\"elementor-widget-container\">\n\t\t\t\t\t<h4 class=\"elementor-heading-title elementor-size-default\">Business Mediator <\/h4>\t\t\t\t<\/div>\n\t\t\t\t<\/div>\n\t\t\t\t<div class=\"elementor-element elementor-element-6ed1c4d elementor-widget elementor-widget-text-editor\" data-id=\"6ed1c4d\" data-element_type=\"widget\" data-e-type=\"widget\" data-widget_type=\"text-editor.default\">\n\t\t\t\t<div class=\"elementor-widget-container\">\n\t\t\t\t\t\t\t\t\t<p>Ann-Christin acts as counsel in complex arbitration and court proceedings and as arbitrator and mediator in commercial disputes. Additionally, she develops dispute-avoiding solution strategies and out-of-court settlement approaches in the early stages of a dispute.<\/p>\t\t\t\t\t\t\t\t<\/div>\n\t\t\t\t<\/div>\n\t\t\t\t<div class=\"elementor-element elementor-element-4bbf4bd elementor-widget elementor-widget-button\" data-id=\"4bbf4bd\" data-element_type=\"widget\" data-e-type=\"widget\" data-widget_type=\"button.default\">\n\t\t\t\t<div class=\"elementor-widget-container\">\n\t\t\t\t\t\t\t\t\t<div class=\"elementor-button-wrapper\">\n\t\t\t\t\t<a class=\"elementor-button elementor-button-link elementor-size-sm\" href=\"https:\/\/grat-disputes.de\/en\/ann-christin-engelke\/\">\n\t\t\t\t\t\t<span class=\"elementor-button-content-wrapper\">\n\t\t\t\t\t\t\t\t\t<span class=\"elementor-button-text\">Learn more<\/span>\n\t\t\t\t\t<\/span>\n\t\t\t\t\t<\/a>\n\t\t\t\t<\/div>\n\t\t\t\t\t\t\t\t<\/div>\n\t\t\t\t<\/div>\n\t\t\t\t<\/div>\n\t\t<div class=\"elementor-element elementor-element-ef6baed e-con-full e-flex e-con e-child\" data-id=\"ef6baed\" data-element_type=\"container\" data-e-type=\"container\" data-settings=\"{&quot;background_background&quot;:&quot;classic&quot;}\">\n\t\t\t\t<div class=\"elementor-element elementor-element-60dae9e elementor-invisible elementor-widget elementor-widget-image\" data-id=\"60dae9e\" data-element_type=\"widget\" data-e-type=\"widget\" data-settings=\"{&quot;_animation&quot;:&quot;fadeIn&quot;}\" data-widget_type=\"image.default\">\n\t\t\t\t<div class=\"elementor-widget-container\">\n\t\t\t\t\t\t\t\t\t\t\t\t\t\t\t\t<a href=\"https:\/\/grat-disputes.de\/en\/dr-martin-p-loegering\/\">\n\t\t\t\t\t\t\t<img decoding=\"async\" width=\"800\" height=\"635\" src=\"https:\/\/grat-disputes.de\/wp-content\/uploads\/2023\/12\/Ausschnitt_Team_Loegering-1-1024x813.jpg\" class=\"attachment-large size-large wp-image-1376\" alt=\"GRAT Disputes -Dr. Martin P. L\u00f6gering\" srcset=\"https:\/\/grat-disputes.de\/wp-content\/uploads\/2023\/12\/Ausschnitt_Team_Loegering-1-1024x813.jpg 1024w, https:\/\/grat-disputes.de\/wp-content\/uploads\/2023\/12\/Ausschnitt_Team_Loegering-1-300x238.jpg 300w, https:\/\/grat-disputes.de\/wp-content\/uploads\/2023\/12\/Ausschnitt_Team_Loegering-1-768x610.jpg 768w, https:\/\/grat-disputes.de\/wp-content\/uploads\/2023\/12\/Ausschnitt_Team_Loegering-1.jpg 1100w\" sizes=\"(max-width: 800px) 100vw, 800px\" \/>\t\t\t\t\t\t\t\t<\/a>\n\t\t\t\t\t\t\t\t\t\t\t\t\t\t\t<\/div>\n\t\t\t\t<\/div>\n\t\t\t\t<div class=\"elementor-element elementor-element-5292d8e elementor-widget elementor-widget-heading\" data-id=\"5292d8e\" data-element_type=\"widget\" data-e-type=\"widget\" data-widget_type=\"heading.default\">\n\t\t\t\t<div class=\"elementor-widget-container\">\n\t\t\t\t\t<h3 class=\"elementor-heading-title elementor-size-default\"> Dr. Martin P. L\u00f6gering<\/h3>\t\t\t\t<\/div>\n\t\t\t\t<\/div>\n\t\t\t\t<div class=\"elementor-element elementor-element-203da96 elementor-widget elementor-widget-heading\" data-id=\"203da96\" data-element_type=\"widget\" data-e-type=\"widget\" data-widget_type=\"heading.default\">\n\t\t\t\t<div class=\"elementor-widget-container\">\n\t\t\t\t\t<h4 class=\"elementor-heading-title elementor-size-default\">Partner | Lawyer<\/h4>\t\t\t\t<\/div>\n\t\t\t\t<\/div>\n\t\t\t\t<div class=\"elementor-element elementor-element-49b0f52 elementor-widget elementor-widget-heading\" data-id=\"49b0f52\" data-element_type=\"widget\" data-e-type=\"widget\" data-widget_type=\"heading.default\">\n\t\t\t\t<div class=\"elementor-widget-container\">\n\t\t\t\t\t<h4 class=\"elementor-heading-title elementor-size-default\">Bar-certified Specialist Lawyer in International Business Law (Fachanwalt f\u00fcr Internationales Wirtschaftsrecht)<\/h4>\t\t\t\t<\/div>\n\t\t\t\t<\/div>\n\t\t\t\t<div class=\"elementor-element elementor-element-8809830 elementor-widget elementor-widget-text-editor\" data-id=\"8809830\" data-element_type=\"widget\" data-e-type=\"widget\" data-widget_type=\"text-editor.default\">\n\t\t\t\t<div class=\"elementor-widget-container\">\n\t\t\t\t\t\t\t\t\t<p>Martin has worked in litigation and arbitration for more than seventeen years. He has extensive experience in representing clients before state courts as well as arbitral tribunals and regularly acts as arbitrator.<\/p>\t\t\t\t\t\t\t\t<\/div>\n\t\t\t\t<\/div>\n\t\t\t\t<div class=\"elementor-element elementor-element-6d5f34d elementor-widget elementor-widget-button\" data-id=\"6d5f34d\" data-element_type=\"widget\" data-e-type=\"widget\" data-widget_type=\"button.default\">\n\t\t\t\t<div class=\"elementor-widget-container\">\n\t\t\t\t\t\t\t\t\t<div class=\"elementor-button-wrapper\">\n\t\t\t\t\t<a class=\"elementor-button elementor-button-link elementor-size-sm\" href=\"\/en\/dr-martin-p-loegering\/\">\n\t\t\t\t\t\t<span class=\"elementor-button-content-wrapper\">\n\t\t\t\t\t\t\t\t\t<span class=\"elementor-button-text\">Learn more<\/span>\n\t\t\t\t\t<\/span>\n\t\t\t\t\t<\/a>\n\t\t\t\t<\/div>\n\t\t\t\t\t\t\t\t<\/div>\n\t\t\t\t<\/div>\n\t\t\t\t<\/div>\n\t\t<div class=\"elementor-element elementor-element-09649da e-con-full e-flex e-con e-child\" data-id=\"09649da\" data-element_type=\"container\" data-e-type=\"container\" data-settings=\"{&quot;background_background&quot;:&quot;classic&quot;}\">\n\t\t\t\t<div class=\"elementor-element elementor-element-3974a06 elementor-invisible elementor-widget elementor-widget-image\" data-id=\"3974a06\" data-element_type=\"widget\" data-e-type=\"widget\" data-settings=\"{&quot;_animation&quot;:&quot;fadeIn&quot;}\" data-widget_type=\"image.default\">\n\t\t\t\t<div class=\"elementor-widget-container\">\n\t\t\t\t\t\t\t\t\t\t\t\t\t\t\t\t<a href=\"https:\/\/grat-disputes.de\/en\/dr-benjamin-wagner\/\">\n\t\t\t\t\t\t\t<img decoding=\"async\" width=\"800\" height=\"635\" src=\"https:\/\/grat-disputes.de\/wp-content\/uploads\/2023\/12\/Team_Wagner-1024x813.jpg\" class=\"attachment-large size-large wp-image-662\" alt=\"GRAT Disputes - Dr. Benjamin Wagner, LL.M.\" srcset=\"https:\/\/grat-disputes.de\/wp-content\/uploads\/2023\/12\/Team_Wagner-1024x813.jpg 1024w, https:\/\/grat-disputes.de\/wp-content\/uploads\/2023\/12\/Team_Wagner-300x238.jpg 300w, https:\/\/grat-disputes.de\/wp-content\/uploads\/2023\/12\/Team_Wagner-768x610.jpg 768w, https:\/\/grat-disputes.de\/wp-content\/uploads\/2023\/12\/Team_Wagner.jpg 1100w\" sizes=\"(max-width: 800px) 100vw, 800px\" \/>\t\t\t\t\t\t\t\t<\/a>\n\t\t\t\t\t\t\t\t\t\t\t\t\t\t\t<\/div>\n\t\t\t\t<\/div>\n\t\t\t\t<div class=\"elementor-element elementor-element-ecb6960 elementor-widget elementor-widget-heading\" data-id=\"ecb6960\" data-element_type=\"widget\" data-e-type=\"widget\" data-widget_type=\"heading.default\">\n\t\t\t\t<div class=\"elementor-widget-container\">\n\t\t\t\t\t<h3 class=\"elementor-heading-title elementor-size-default\">Dr. Benjamin Wagner, LL.M.<\/h3>\t\t\t\t<\/div>\n\t\t\t\t<\/div>\n\t\t\t\t<div class=\"elementor-element elementor-element-546b690 elementor-widget elementor-widget-heading\" data-id=\"546b690\" data-element_type=\"widget\" data-e-type=\"widget\" data-widget_type=\"heading.default\">\n\t\t\t\t<div class=\"elementor-widget-container\">\n\t\t\t\t\t<h4 class=\"elementor-heading-title elementor-size-default\">Partner | Lawyer<\/h4>\t\t\t\t<\/div>\n\t\t\t\t<\/div>\n\t\t\t\t<div class=\"elementor-element elementor-element-82fad89 elementor-widget elementor-widget-heading\" data-id=\"82fad89\" data-element_type=\"widget\" data-e-type=\"widget\" data-widget_type=\"heading.default\">\n\t\t\t\t<div class=\"elementor-widget-container\">\n\t\t\t\t\t<h4 class=\"elementor-heading-title elementor-size-default\">Bar-certified Specialist Lawyer in Commercial and Corporate Law (Fachanwalt f\u00fcr Handels- und Gesellschaftsrecht)<\/h4>\t\t\t\t<\/div>\n\t\t\t\t<\/div>\n\t\t\t\t<div class=\"elementor-element elementor-element-74447ef elementor-widget elementor-widget-heading\" data-id=\"74447ef\" data-element_type=\"widget\" data-e-type=\"widget\" data-widget_type=\"heading.default\">\n\t\t\t\t<div class=\"elementor-widget-container\">\n\t\t\t\t\t<h4 class=\"elementor-heading-title elementor-size-default\">Business Mediator\n<\/h4>\t\t\t\t<\/div>\n\t\t\t\t<\/div>\n\t\t\t\t<div class=\"elementor-element elementor-element-8651e96 elementor-widget elementor-widget-text-editor\" data-id=\"8651e96\" data-element_type=\"widget\" data-e-type=\"widget\" data-widget_type=\"text-editor.default\">\n\t\t\t\t<div class=\"elementor-widget-container\">\n\t\t\t\t\t\t\t\t\t<p>Benjamin works in corporate law and dispute resolution. He advises and represents German and international clients in corporate law disputes, M&amp;A disputes and manager liability cases. He is also active in drafting contracts.<\/p>\t\t\t\t\t\t\t\t<\/div>\n\t\t\t\t<\/div>\n\t\t\t\t<div class=\"elementor-element elementor-element-279b360 elementor-widget elementor-widget-button\" data-id=\"279b360\" data-element_type=\"widget\" data-e-type=\"widget\" data-widget_type=\"button.default\">\n\t\t\t\t<div class=\"elementor-widget-container\">\n\t\t\t\t\t\t\t\t\t<div class=\"elementor-button-wrapper\">\n\t\t\t\t\t<a class=\"elementor-button elementor-button-link elementor-size-sm\" href=\"https:\/\/grat-disputes.de\/en\/dr-benjamin-wagner\/\">\n\t\t\t\t\t\t<span class=\"elementor-button-content-wrapper\">\n\t\t\t\t\t\t\t\t\t<span class=\"elementor-button-text\">Learn more<\/span>\n\t\t\t\t\t<\/span>\n\t\t\t\t\t<\/a>\n\t\t\t\t<\/div>\n\t\t\t\t\t\t\t\t<\/div>\n\t\t\t\t<\/div>\n\t\t\t\t<\/div>\n\t\t\t\t<\/div>\n\t\t<div class=\"elementor-element elementor-element-1d0add2 e-flex e-con-boxed e-con e-parent\" data-id=\"1d0add2\" data-element_type=\"container\" data-e-type=\"container\">\n\t\t\t\t\t<div class=\"e-con-inner\">\n\t\t\t\t<div class=\"elementor-element elementor-element-47672ff elementor-widget elementor-widget-spacer\" data-id=\"47672ff\" data-element_type=\"widget\" data-e-type=\"widget\" data-widget_type=\"spacer.default\">\n\t\t\t\t<div class=\"elementor-widget-container\">\n\t\t\t\t\t\t\t<div class=\"elementor-spacer\">\n\t\t\t<div class=\"elementor-spacer-inner\"><\/div>\n\t\t<\/div>\n\t\t\t\t\t\t<\/div>\n\t\t\t\t<\/div>\n\t\t\t\t\t<\/div>\n\t\t\t\t<\/div>\n\t\t<div class=\"elementor-element elementor-element-72cc7ad e-con-full e-flex elementor-invisible e-con e-parent\" data-id=\"72cc7ad\" data-element_type=\"container\" data-e-type=\"container\" id=\"gelbebox\" data-settings=\"{&quot;background_background&quot;:&quot;classic&quot;,&quot;animation&quot;:&quot;fadeIn&quot;}\">\n\t\t<div class=\"elementor-element elementor-element-fcfb512 e-con-full e-flex e-con e-child\" data-id=\"fcfb512\" data-element_type=\"container\" data-e-type=\"container\">\n\t\t\t\t<div class=\"elementor-element elementor-element-45808f9 elementor-widget elementor-widget-text-editor\" data-id=\"45808f9\" data-element_type=\"widget\" data-e-type=\"widget\" data-widget_type=\"text-editor.default\">\n\t\t\t\t<div class=\"elementor-widget-container\">\n\t\t\t\t\t\t\t\t\t<p>We work as a team. The lawyer best suited to the client matter leads and is supported by the skillsets of the others.This is our quality-first approach.<\/p>\t\t\t\t\t\t\t\t<\/div>\n\t\t\t\t<\/div>\n\t\t\t\t<\/div>\n\t\t\t\t<\/div>\n\t\t\t\t<\/div>","protected":false},"excerpt":{"rendered":"<p>Ihr Konflikt \u2013 Unsere Herausforderung Wir nehmen diese Herausforderung gerne an. Unseren Mandant:innen stehen wir mit unserer Erfahrung als versierte anwaltliche Berater:innen und Vertreter:innen zur Seite. F\u00fcr und mit unseren Mandant:innen entwickeln wir die optimale L\u00f6sung des Konflikts. Das Vertrauen unserer Mandant:innen ist unser Ansporn. Ann-Christin Engelke Partnerin | Rechtsanw\u00e4ltin Wirtschaftsmediatorin Ann-Christin Engelke ist als [&hellip;]<\/p>\n","protected":false},"author":4,"featured_media":0,"parent":0,"menu_order":0,"comment_status":"closed","ping_status":"closed","template":"","meta":{"footnotes":""},"class_list":["post-612","page","type-page","status-publish","hentry"],"_links":{"self":[{"href":"https:\/\/grat-disputes.de\/en\/wp-json\/wp\/v2\/pages\/612","targetHints":{"allow":["GET"]}}],"collection":[{"href":"https:\/\/grat-disputes.de\/en\/wp-json\/wp\/v2\/pages"}],"about":[{"href":"https:\/\/grat-disputes.de\/en\/wp-json\/wp\/v2\/types\/page"}],"author":[{"embeddable":true,"href":"https:\/\/grat-disputes.de\/en\/wp-json\/wp\/v2\/users\/4"}],"replies":[{"embeddable":true,"href":"https:\/\/grat-disputes.de\/en\/wp-json\/wp\/v2\/comments?post=612"}],"version-history":[{"count":281,"href":"https:\/\/grat-disputes.de\/en\/wp-json\/wp\/v2\/pages\/612\/revisions"}],"predecessor-version":[{"id":4253,"href":"https:\/\/grat-disputes.de\/en\/wp-json\/wp\/v2\/pages\/612\/revisions\/4253"}],"wp:attachment":[{"href":"https:\/\/grat-disputes.de\/en\/wp-json\/wp\/v2\/media?parent=612"}],"curies":[{"name":"wp","href":"https:\/\/api.w.org\/{rel}","templated":true}]}}